{"id":9968,"date":"2023-12-20T15:02:03","date_gmt":"2023-12-20T19:02:03","guid":{"rendered":"https:\/\/enneagram-on-demand.com\/?post_type=product&#038;p=9968"},"modified":"2023-12-20T15:10:16","modified_gmt":"2023-12-20T19:10:16","slug":"awareness-to-action-enneagram-foundation-level-1-video-only-program","status":"publish","type":"product","link":"https:\/\/enneagram-on-demand.com\/product\/awareness-to-action-enneagram-foundation-level-1-video-only-program\/","title":{"rendered":"Awareness to Action Enneagram Foundation (Level 1)\u2014Video-Only Program"},"content":{"rendered":"","protected":false},"excerpt":{"rendered":"<p>The Foundation focuses on the first\u2014understanding how the Enneagram identifies different \u201ctypes\u201d or \u201ckinds\u201d of people\u2014and how understanding these differences is useful for supporting growth. Topics of this video-only module include: clear thinking about the Enneagram, the nine Ennea-type strategies, the three Instinctual Biases, the 27 subtypes, creating change with the Awareness to Action Process, and a brief introduction to assessing personality type.<\/p>\n","protected":false},"featured_media":9969,"comment_status":"open","ping_status":"closed","template":"","meta":{"_crdt_document":""},"product_brand":[],"product_cat":[186],"product_tag":[188,187],"class_list":{"0":"post-9968","1":"product","2":"type-product","3":"status-publish","4":"has-post-thumbnail","6":"product_cat-courses","7":"product_tag-certification","8":"product_tag-enneagram","10":"first","11":"instock","12":"virtual","13":"sold-individually","14":"purchasable","15":"product-type-course"},"wpml_current_locale":"en_US","wpml_translations":{"es_ES":{"locale":"es_ES","id":14244,"slug":"fundacion-del-eneagrama-de-la-conciencia-a-la-accion-nivel-1-programa-solo-en-video","post_title":"Fundaci\u00f3n del Eneagrama de la Conciencia a la Acci\u00f3n (Nivel 1)-Programa s\u00f3lo en v\u00eddeo","href":"https:\/\/enneagram-on-demand.com\/es\/producto\/fundacion-del-eneagrama-de-la-conciencia-a-la-accion-nivel-1-programa-solo-en-video\/"}},"language":{"code":"en","locale":"","name":"","is_rtl":false},"_links":{"self":[{"href":"https:\/\/enneagram-on-demand.com\/wp-json\/wp\/v2\/product\/9968","targetHints":{"allow":["GET"]}}],"collection":[{"href":"https:\/\/enneagram-on-demand.com\/wp-json\/wp\/v2\/product"}],"about":[{"href":"https:\/\/enneagram-on-demand.com\/wp-json\/wp\/v2\/types\/product"}],"replies":[{"embeddable":true,"href":"https:\/\/enneagram-on-demand.com\/wp-json\/wp\/v2\/comments?post=9968"}],"wp:featuredmedia":[{"embeddable":true,"href":"https:\/\/enneagram-on-demand.com\/wp-json\/wp\/v2\/media\/9969"}],"wp:attachment":[{"href":"https:\/\/enneagram-on-demand.com\/wp-json\/wp\/v2\/media?parent=9968"}],"wp:term":[{"taxonomy":"product_brand","embeddable":true,"href":"https:\/\/enneagram-on-demand.com\/wp-json\/wp\/v2\/product_brand?post=9968"},{"taxonomy":"product_cat","embeddable":true,"href":"https:\/\/enneagram-on-demand.com\/wp-json\/wp\/v2\/product_cat?post=9968"},{"taxonomy":"product_tag","embeddable":true,"href":"https:\/\/enneagram-on-demand.com\/wp-json\/wp\/v2\/product_tag?post=9968"}],"curies":[{"name":"wp","href":"https:\/\/api.w.org\/{rel}","templated":true}]}}