{"id":11279,"date":"2024-03-04T17:11:44","date_gmt":"2024-03-04T22:11:44","guid":{"rendered":"https:\/\/enneagram-on-demand.com\/?post_type=product&#038;p=11279"},"modified":"2024-03-04T17:18:32","modified_gmt":"2024-03-04T22:18:32","slug":"free-download-how-to-think-well-and-why","status":"publish","type":"product","link":"https:\/\/enneagram-on-demand.com\/product\/free-download-how-to-think-well-and-why\/","title":{"rendered":"(Free Download) How to Think Well and Why: The Awareness to Action Guide to Clear Thinking"},"content":{"rendered":"<p class=\"p1\">The Awareness to Action Guide to Clear Thinking<\/p>\n<p>Clear thinking skills\u2014the ability to see ourselves, others, and the world as they are rather than through the distortions of our biases; the ability to tell fact from fiction\u2014are critical for success at work, in our relationships, as a citizen, and for simply solving the large and small challenges life brings our way. Here are some simple tools for developing those skills.<\/p>\n","protected":false},"excerpt":{"rendered":"<p>Clear thinking skills\u2014the ability to see ourselves, others, and the world as they are rather than through the distortions of our biases; the ability to tell fact from fiction\u2014are critical for success at work, in our relationships, as a citizen, and for simply solving the large and small challenges life brings our way. Here are some simple tools for developing those skills.<\/p>\n","protected":false},"featured_media":11282,"comment_status":"open","ping_status":"closed","template":"","meta":{"_crdt_document":""},"product_brand":[],"product_cat":[195],"product_tag":[],"class_list":{"0":"post-11279","1":"product","2":"type-product","3":"status-publish","4":"has-post-thumbnail","6":"product_cat-ata-enneagram-applications","8":"first","9":"instock","10":"downloadable","11":"virtual","12":"purchasable","13":"product-type-simple"},"wpml_current_locale":"en_US","wpml_translations":{"es_ES":{"locale":"es_ES","id":14230,"slug":"descarga-gratuita-como-pensar-bien-y-por-que-la-guia-de-la-conciencia-a-la-accion-para-pensar-con-claridad","post_title":"(Descarga gratuita) C\u00f3mo pensar bien y por qu\u00e9: La Gu\u00eda de la Conciencia a la Acci\u00f3n para Pensar con Claridad","href":"https:\/\/enneagram-on-demand.com\/es\/producto\/descarga-gratuita-como-pensar-bien-y-por-que-la-guia-de-la-conciencia-a-la-accion-para-pensar-con-claridad\/"}},"language":{"code":"en","locale":"","name":"","is_rtl":false},"_links":{"self":[{"href":"https:\/\/enneagram-on-demand.com\/wp-json\/wp\/v2\/product\/11279","targetHints":{"allow":["GET"]}}],"collection":[{"href":"https:\/\/enneagram-on-demand.com\/wp-json\/wp\/v2\/product"}],"about":[{"href":"https:\/\/enneagram-on-demand.com\/wp-json\/wp\/v2\/types\/product"}],"replies":[{"embeddable":true,"href":"https:\/\/enneagram-on-demand.com\/wp-json\/wp\/v2\/comments?post=11279"}],"wp:featuredmedia":[{"embeddable":true,"href":"https:\/\/enneagram-on-demand.com\/wp-json\/wp\/v2\/media\/11282"}],"wp:attachment":[{"href":"https:\/\/enneagram-on-demand.com\/wp-json\/wp\/v2\/media?parent=11279"}],"wp:term":[{"taxonomy":"product_brand","embeddable":true,"href":"https:\/\/enneagram-on-demand.com\/wp-json\/wp\/v2\/product_brand?post=11279"},{"taxonomy":"product_cat","embeddable":true,"href":"https:\/\/enneagram-on-demand.com\/wp-json\/wp\/v2\/product_cat?post=11279"},{"taxonomy":"product_tag","embeddable":true,"href":"https:\/\/enneagram-on-demand.com\/wp-json\/wp\/v2\/product_tag?post=11279"}],"curies":[{"name":"wp","href":"https:\/\/api.w.org\/{rel}","templated":true}]}}