{"id":13351,"date":"2025-03-05T10:42:18","date_gmt":"2025-03-05T15:42:18","guid":{"rendered":"https:\/\/enneagram-on-demand.com\/?post_type=product&#038;p=13351"},"modified":"2025-03-05T10:46:13","modified_gmt":"2025-03-05T15:46:13","slug":"article-making-the-enneagram-as-simple-as-possible-but-no-simpler","status":"publish","type":"product","link":"https:\/\/enneagram-on-demand.com\/product\/article-making-the-enneagram-as-simple-as-possible-but-no-simpler\/","title":{"rendered":"(Free Download) Article: Making the Enneagram as Simple as Possible, but No Simpler"},"content":{"rendered":"<p>An article from \u201cThe Practical Enneagram Journal\u201d on keeping the Enneagram as simple as possible, but no simpler.<img loading=\"lazy\" decoding=\"async\" class=\"alignnone size-medium wp-image-13352\" src=\"https:\/\/enneagram-on-demand.com\/wp-content\/uploads\/2025\/03\/Making-the-Enneagram-as-Simple-as-Possible-but-no-Simpler-Mario-Sikora-The-Practical-Enneagram-journal-Volume-1-Issue-2_Page_1-212x300.jpg\" alt=\"\" width=\"212\" height=\"300\" srcset=\"https:\/\/enneagram-on-demand.com\/wp-content\/uploads\/2025\/03\/Making-the-Enneagram-as-Simple-as-Possible-but-no-Simpler-Mario-Sikora-The-Practical-Enneagram-journal-Volume-1-Issue-2_Page_1-212x300.jpg 212w, https:\/\/enneagram-on-demand.com\/wp-content\/uploads\/2025\/03\/Making-the-Enneagram-as-Simple-as-Possible-but-no-Simpler-Mario-Sikora-The-Practical-Enneagram-journal-Volume-1-Issue-2_Page_1-724x1024.jpg 724w, https:\/\/enneagram-on-demand.com\/wp-content\/uploads\/2025\/03\/Making-the-Enneagram-as-Simple-as-Possible-but-no-Simpler-Mario-Sikora-The-Practical-Enneagram-journal-Volume-1-Issue-2_Page_1-768x1086.jpg 768w, https:\/\/enneagram-on-demand.com\/wp-content\/uploads\/2025\/03\/Making-the-Enneagram-as-Simple-as-Possible-but-no-Simpler-Mario-Sikora-The-Practical-Enneagram-journal-Volume-1-Issue-2_Page_1-1086x1536.jpg 1086w, https:\/\/enneagram-on-demand.com\/wp-content\/uploads\/2025\/03\/Making-the-Enneagram-as-Simple-as-Possible-but-no-Simpler-Mario-Sikora-The-Practical-Enneagram-journal-Volume-1-Issue-2_Page_1-1448x2048.jpg 1448w, https:\/\/enneagram-on-demand.com\/wp-content\/uploads\/2025\/03\/Making-the-Enneagram-as-Simple-as-Possible-but-no-Simpler-Mario-Sikora-The-Practical-Enneagram-journal-Volume-1-Issue-2_Page_1-624x882.jpg 624w, https:\/\/enneagram-on-demand.com\/wp-content\/uploads\/2025\/03\/Making-the-Enneagram-as-Simple-as-Possible-but-no-Simpler-Mario-Sikora-The-Practical-Enneagram-journal-Volume-1-Issue-2_Page_1-600x848.jpg 600w, https:\/\/enneagram-on-demand.com\/wp-content\/uploads\/2025\/03\/Making-the-Enneagram-as-Simple-as-Possible-but-no-Simpler-Mario-Sikora-The-Practical-Enneagram-journal-Volume-1-Issue-2_Page_1.jpg 1655w\" sizes=\"auto, (max-width: 212px) 100vw, 212px\" \/><\/p>\n","protected":false},"excerpt":{"rendered":"<p>An article from \u201cThe Practical Enneagram Journal\u201d on keeping the Enneagram as simple as possible, but no simpler.<\/p>\n","protected":false},"featured_media":13352,"comment_status":"open","ping_status":"closed","template":"","meta":{"_crdt_document":""},"product_brand":[],"product_cat":[194],"product_tag":[],"class_list":{"0":"post-13351","1":"product","2":"type-product","3":"status-publish","4":"has-post-thumbnail","6":"product_cat-ata-enneagram-theory","8":"first","9":"instock","10":"downloadable","11":"shipping-taxable","12":"purchasable","13":"product-type-simple"},"wpml_current_locale":"en_US","wpml_translations":{"es_ES":{"locale":"es_ES","id":14218,"slug":"descarga-gratuita-articulo-hacer-el-eneagrama-lo-mas-sencillo-posible-pero-no-mas-simple","post_title":"(Descarga gratuita) Art\u00edculo: Hacer el Eneagrama lo m\u00e1s sencillo posible, pero no m\u00e1s simple","href":"https:\/\/enneagram-on-demand.com\/es\/producto\/descarga-gratuita-articulo-hacer-el-eneagrama-lo-mas-sencillo-posible-pero-no-mas-simple\/"}},"language":{"code":"en","locale":"","name":"","is_rtl":false},"_links":{"self":[{"href":"https:\/\/enneagram-on-demand.com\/wp-json\/wp\/v2\/product\/13351","targetHints":{"allow":["GET"]}}],"collection":[{"href":"https:\/\/enneagram-on-demand.com\/wp-json\/wp\/v2\/product"}],"about":[{"href":"https:\/\/enneagram-on-demand.com\/wp-json\/wp\/v2\/types\/product"}],"replies":[{"embeddable":true,"href":"https:\/\/enneagram-on-demand.com\/wp-json\/wp\/v2\/comments?post=13351"}],"wp:featuredmedia":[{"embeddable":true,"href":"https:\/\/enneagram-on-demand.com\/wp-json\/wp\/v2\/media\/13352"}],"wp:attachment":[{"href":"https:\/\/enneagram-on-demand.com\/wp-json\/wp\/v2\/media?parent=13351"}],"wp:term":[{"taxonomy":"product_brand","embeddable":true,"href":"https:\/\/enneagram-on-demand.com\/wp-json\/wp\/v2\/product_brand?post=13351"},{"taxonomy":"product_cat","embeddable":true,"href":"https:\/\/enneagram-on-demand.com\/wp-json\/wp\/v2\/product_cat?post=13351"},{"taxonomy":"product_tag","embeddable":true,"href":"https:\/\/enneagram-on-demand.com\/wp-json\/wp\/v2\/product_tag?post=13351"}],"curies":[{"name":"wp","href":"https:\/\/api.w.org\/{rel}","templated":true}]}}